{"id":1018,"date":"2025-02-07T10:06:03","date_gmt":"2025-02-07T10:06:03","guid":{"rendered":"https:\/\/horthy.hu\/?page_id=1018"},"modified":"2025-02-07T10:29:08","modified_gmt":"2025-02-07T10:29:08","slug":"privacy","status":"publish","type":"page","link":"https:\/\/horthy.hu\/index.php\/privacy\/","title":{"rendered":"Privacy"},"content":{"rendered":"<p><strong>EGY IFJ\u00da TENGER\u00c9SZ <\/strong><\/p>\n<p>K\u00f6zz\u00e9t\u00e9ve: 2021. m\u00e1jus 25.<\/p>\n<p><img loading=\"lazy\" decoding=\"async\" class=\"alignnone wp-image-989 size-full\" src=\"https:\/\/horthy.hu\/wp-content\/uploads\/2025\/02\/huih-1.jpg\" alt=\"\" width=\"604\" height=\"844\" srcset=\"https:\/\/horthy.hu\/wp-content\/uploads\/2025\/02\/huih-1.jpg 604w, https:\/\/horthy.hu\/wp-content\/uploads\/2025\/02\/huih-1-215x300.jpg 215w\" sizes=\"auto, (max-width: 604px) 100vw, 604px\" \/><\/p>\n<p>EGY IFJ\u00da TENGER\u00c9SZ<\/p>\n<p>Horthy Mikl\u00f3st a r\u00e9gi filmh\u00edrad\u00f3k kock\u00e1in mindig hat\u00e1rozott, sok esztend\u0151t meg\u00e9lt \u00e1llamf\u00e9rfi\u00fanak l\u00e1tjuk, aki sz\u00e1mos ki\u00e9rdemelt kit\u00fcntet\u00e9ssel a mellkas\u00e1n, sziklaszil\u00e1rdan \u00e1ll a magyar nemzet \u00e9l\u00e9n. Ezen a ritka fot\u00f3n \u0150 van, \u00e9rdemjelek n\u00e9lk\u00fcl, fiatal tenger\u00e9sztisztk\u00e9nt.<\/p>\n<p>T\u00e1vol van m\u00e9g a cs\u00e1sz\u00e1r melletti sz\u00e1rnyseg\u00e9ds\u00e9g, az Otrant\u00f3i-csata, a Monarchia haj\u00f3had\u00e1nak vezet\u00e9se, a f\u0151vez\u00e9rs\u00e9g, a korm\u00e1nyz\u00f3s\u00e1g, az el nem ker\u00fclhet\u0151 h\u00e1bor\u00fa, a n\u00e9met majd amerikai fogs\u00e1g \u00e9s v\u00e9g\u00fcl a portug\u00e1l Estoril.<\/p>\n<p>A k\u00fcl\u00f6nleges k\u00e9pr\u0151l egy hittel teli fiatalember tekint le r\u00e1nk, aki nem ismeri, nem ismerheti a j\u00f6v\u0151t. A s\u00f6t\u00e9tb\u0151l a f\u00e9nybe n\u00e9z, s mint mi mindannyian, csak \u00e9lte az \u00e9let\u00e9t.<\/p>\n<p>Az ifj\u00fa Horthy remek\u00fcl v\u00edvott \u2013 n\u00e9h\u00e1ny p\u00e1rbajba is belekeveredett \u2013, remek\u00fcl l\u0151tt c\u00e9lba pisztollyal \u00e9s pusk\u00e1val egyar\u00e1nt, az egykori konstantin\u00e1polyi lovagl\u00f3verseny gy\u0151ztesek\u00e9nt nem is csoda, hogy a tenger\u00e9sztisztek k\u00f6z\u00f6tti teniszversenyen is bajnokk\u00e1 v\u00e1lt, azt pedig sokan tudhatj\u00e1k, hogy ker\u00e9kp\u00e1roz\u00e1sban az osztr\u00e1k-magyar hadsereg bajnoks\u00e1g\u00e1nak gy\u0151ztese is \u0151 volt.<\/p>\n<p>Sz\u00e9pen \u00e9nekelt, \u00fcgyesen zongor\u00e1zott, tehets\u00e9ges fest\u0151m\u0171v\u00e9sznek indult s nagy siker\u0171 adom\u00e1i j\u00f3 elbesz\u00e9l\u0151i k\u00e9pess\u00e9g\u00e9r\u0151l tettek tan\u00fabizonys\u00e1got.<\/p>\n<p>S, hogy hib\u00e1i m\u00e1r akkor is voltak \u00e9s k\u00e9s\u0151bb is lettek?<\/p>\n<p>Term\u00e9szetes!<\/p>\n<p>Ember volt.<\/p>\n<p>Ember volt, de a nagyszer\u0171ek k\u00f6z\u00fcl!<\/p>\n<p>Zet\u00e9nyi-Csuk\u00e1s Ferenc<\/p>\n<p>&nbsp;<\/p>\n<p><strong>K\u00f6nyvaj\u00e1nl\u00f3 &#8211; Horthy Mikl\u00f3s: Eml\u00e9kirataim <\/strong><\/p>\n<p>K\u00f6zz\u00e9t\u00e9ve: 2019. november 01.<\/p>\n<p>&nbsp;<\/p>\n<p>Kenderes (Szolnok megye, Magyarorsz\u00e1g), 1868. j\u00fanius 18. az indul\u00f3 \u00e9s Estoril (Portug\u00e1lia), 1957. febru\u00e1r 9. a befejez\u0151 pontja annak a hossz\u00fa, csaknem kilenc \u00e9vtizedes \u00e9letp\u00e1ly\u00e1nak, amelynek nyolc \u00e9vtized\u00e9r\u0151l az sz\u00e1mol be, aki megfutotta: vit\u00e9z nagyb\u00e1nyai Horthy Mikl\u00f3s, volt tenger\u00e9sztiszt, I. Ferenc J\u00f3zsef kir\u00e1ly \u00e9s cs\u00e1sz\u00e1r udvari sz\u00e1rnyseg\u00e9de, flottaparancsnok altengernagy, a szegedi ellenkorm\u00e1ny had\u00fcgyminisztere, a nemzeti hadsereg f\u0151vez\u00e9re, Magyarorsz\u00e1gnak 1920. m\u00e1rcius 1-j\u00e9t\u0151l 1944. okt\u00f3ber 16-ig korm\u00e1nyz\u00f3ja \u00e9s \u201elegfels\u0151bb hadura\u201d, a n\u00e9metek, majd az amerikaiak foglya, v\u00e9g\u00fcl pedig &#8211; hal\u00e1l\u00e1ig &#8211; portug\u00e1liai magyar emigr\u00e1ns.<\/p>\n<p><img loading=\"lazy\" decoding=\"async\" class=\"alignnone wp-image-995 size-full\" src=\"https:\/\/horthy.hu\/wp-content\/uploads\/2025\/02\/Vitez_nagybanyai_Horthy_Miklos_kormanyzo-1.jpg\" alt=\"\" width=\"1000\" height=\"1000\" srcset=\"https:\/\/horthy.hu\/wp-content\/uploads\/2025\/02\/Vitez_nagybanyai_Horthy_Miklos_kormanyzo-1.jpg 1000w, https:\/\/horthy.hu\/wp-content\/uploads\/2025\/02\/Vitez_nagybanyai_Horthy_Miklos_kormanyzo-1-300x300.jpg 300w, https:\/\/horthy.hu\/wp-content\/uploads\/2025\/02\/Vitez_nagybanyai_Horthy_Miklos_kormanyzo-1-150x150.jpg 150w, https:\/\/horthy.hu\/wp-content\/uploads\/2025\/02\/Vitez_nagybanyai_Horthy_Miklos_kormanyzo-1-768x768.jpg 768w\" sizes=\"auto, (max-width: 1000px) 100vw, 1000px\" \/><\/p>\n<p>&nbsp;<\/p>\n<p>T\u00f6rt\u00e9nelmi szerep\u00e9nek meg\u00edt\u00e9l\u00e9s\u00e9ben \u00e9let\u00e9ben &#8211; s hal\u00e1la ut\u00e1n is sok\u00e1ig, tal\u00e1n mind a mai napig t\u00falz\u00e1sok \u00e9s elhallgat\u00e1sok szerepelnek egy- \u00e9s m\u00e1sfel\u0151l.<\/p>\n<p>Sz\u00e1mvet\u00e9s\u00e9b\u0151l &#8211; eml\u00e9kirat\u00e1b\u00f3l &#8211;, amelyet \u00f6regen, \u00e9let\u00e9nek utols\u00f3 \u00e9vtized\u00e9ben k\u00e9sz\u00edtett, tal\u00e1n tiszt\u00e1bban rajzol\u00f3dik ki alakja.<\/p>\n<p>&nbsp;<\/p>\n<p><a href=\"https:\/\/europakiado.hu\/konyv\/emlekirataim-3745\"><strong>https:\/\/europakiado.hu\/konyv\/emlekirataim-3745<\/strong><\/a><\/p>\n<p>&nbsp;<\/p>\n<p><strong>K\u00f6nyvaj\u00e1nl\u00f3 &#8211; Gr\u00f3f Edelsheim Gyulai Ilona: Becs\u00fclet \u00e9s k\u00f6teless\u00e9g 1-2. <\/strong><\/p>\n<p>K\u00f6zz\u00e9t\u00e9ve: 2019. november 01.<\/p>\n<p><img loading=\"lazy\" decoding=\"async\" class=\"alignnone size-medium wp-image-1025\" src=\"https:\/\/horthy.hu\/wp-content\/uploads\/2025\/02\/3-300x300.jpg\" alt=\"\" width=\"300\" height=\"300\" srcset=\"https:\/\/horthy.hu\/wp-content\/uploads\/2025\/02\/3-300x300.jpg 300w, https:\/\/horthy.hu\/wp-content\/uploads\/2025\/02\/3-150x150.jpg 150w, https:\/\/horthy.hu\/wp-content\/uploads\/2025\/02\/3-768x768.jpg 768w, https:\/\/horthy.hu\/wp-content\/uploads\/2025\/02\/3.jpg 1000w\" sizes=\"auto, (max-width: 300px) 100vw, 300px\" \/><\/p>\n<p>Gr\u00f3f Edelsheim Gyulai Ilona 1918. janu\u00e1r 14-\u00e9n sz\u00fcletett Budapesten. \u00c9let\u00e9nek d\u00f6nt\u0151 fordulata 1940 \u00e1prilis\u00e1ban k\u00f6vetkezett be, amikor f\u00e9rjhez ment Horthy Mikl\u00f3s korm\u00e1nyz\u00f3 fi\u00e1hoz, Istv\u00e1nhoz. Ezzel a &#8222;vid\u00e9ki gr\u00f3fkisasszony&#8221; &#8211; val\u00f3s\u00e1gosan \u00e9s jelk\u00e9pesen is &#8211; \u00e1ttette sz\u00e9khely\u00e9t a budai v\u00e1rba, \u00e9s akarva-akaratlan t\u00f6rt\u00e9nelmi szerepl\u0151v\u00e9-szem\u00e9lyis\u00e9gg\u00e9, cselekv\u0151 tan\u00fav\u00e1 l\u00e9pett el\u0151. 1942 augusztus\u00e1ban Horthy Istv\u00e1n korm\u00e1nyz\u00f3helyettes tragikus rep\u00fcl\u0151szerencs\u00e9tlens\u00e9g \u00e1ldozata lett, s ett\u0151l fogva a fiatal \u00f6zvegy a korm\u00e1nyz\u00f3 bizalmasak\u00e9nt, szer\u00e9nyen a h\u00e1tt\u00e9rben maradva egyre fontosabb szerepet j\u00e1tszott: j\u00f3zans\u00e1ga, p\u00e9ld\u00e1s lelki ereje \u00e9s kiv\u00e9teles \u00e9rz\u00e9kenys\u00e9ge nagy hat\u00e1ssal volt mindenkire, akivel kapcsolatba ker\u00fclt.<\/p>\n<p>&nbsp;<\/p>\n<p>&#8222;Sof\u0151r\u00f6m, bel\u00fcgy-, k\u00fcl\u00fcgy- \u00e9s p\u00e9nz\u00fcgyminiszterem&#8221;, \u00edgy nevezte Horthy Mikl\u00f3s a meny\u00e9t, aki hal\u00e1l\u00e1ig odaad\u00f3an \u00e1polta, \u00e9s aki \u00edg\u00e9ret\u00e9hez h\u00edven megszervezte a korm\u00e1nyz\u00f3 \u00fajratemet\u00e9s\u00e9t Kenderesen.<\/p>\n<p>Gr\u00f3f Edelsheim Gyulai Ilona eml\u00e9kirataiban a XX. sz\u00e1zadi magyar t\u00f6rt\u00e9nelem egyik leghitelesebb tan\u00faja sz\u00f3lal meg. Mindaz, amir\u0151l a k\u00f6nyvben \u00edr, egy \u0151szinte, tiszteletre m\u00e9lt\u00f3 szem\u00e9lyis\u00e9g vallom\u00e1sa. Egy rendk\u00edv\u00fcli asszony memo\u00e1rja ez.<\/p>\n<p><a href=\"https:\/\/europakiado.hu\/konyv\/becsulet-es-kotelesseg-1-1918-1944\"><strong>https:\/\/europakiado.hu\/konyv\/becsulet-es-kotelesseg-1-1918-1944<\/strong><\/a><\/p>\n<p><a href=\"https:\/\/europakiado.hu\/konyv\/becsulet-es-kotelesseg-2-1945-1998-3554\"><strong>https:\/\/europakiado.hu\/konyv\/becsulet-es-kotelesseg-2-1945-1998-3554<\/strong><\/a><\/p>\n<p>&nbsp;<\/p>\n<p><strong>K\u00f6zgy\u0171l\u00e9si- \u00e9s Tiszts\u00e9gvisel\u0151i v\u00e1laszt\u00e1si megh\u00edv\u00f3 <\/strong><\/p>\n<p>K\u00f6zz\u00e9t\u00e9ve: 2019. okt\u00f3ber 30.<\/p>\n<p style=\"text-align: center;\"><strong>MEGH\u00cdV\u00d3<\/strong><br \/>\n<strong>AZ \u00daJ TISZTS\u00c9GVISEL\u0150K MEGV\u00c1LASZT\u00c1S\u00c1VAL<\/strong><br \/>\n<strong>EGYBEK\u00d6T\u00d6TT \u00dcNNEP\u00c9LYES K\u00d6ZGY\u0170L\u00c9SRE<\/strong><\/p>\n<p style=\"text-align: center;\"><strong>K\u00f6zgy\u0171l\u00e9s helysz\u00edne: Szent Margit Gimn\u00e1zium Apor Vilmos terem (1114. Budapest, Vill\u00e1nyi \u00fat 5-7. sz.).<\/strong><\/p>\n<p style=\"text-align: center;\"><strong>K\u00f6zgy\u0171l\u00e9s id\u0151pontja: 2019. december 8-\u00e1n, 15. h-kor<\/strong><\/p>\n<p style=\"text-align: center;\"><strong>A k\u00f6zgy\u0171l\u00e9s napirendi pontjai:<\/strong><\/p>\n<p style=\"text-align: center;\"><strong>&#8211; Eln\u00f6ki k\u00f6sz\u00f6nt\u0151<\/strong><br \/>\n<strong>&#8211; K\u00e9pes besz\u00e1mol\u00f3<\/strong><br \/>\n<strong>&#8211; Gazdas\u00e1gi besz\u00e1mol\u00f3<\/strong><br \/>\n<strong>&#8211; Elismer\u00e9sek \u00e1tad\u00e1sa<\/strong><\/p>\n<p style=\"text-align: center;\"><strong>&#8211; Tiszts\u00e9gvisel\u0151 v\u00e1laszt\u00e1s<\/strong><br \/>\n<strong>&#8211; Eln\u00f6ki sz\u00e9kfoglal\u00f3<\/strong><br \/>\n<strong>&#8211; 2020-as programok tervezete<\/strong><br \/>\n<strong>&#8211; A T\u00e1rsas\u00e1g alapszab\u00e1ly\u00e1nak m\u00f3dos\u00edt\u00e1sa<\/strong><\/p>\n<p style=\"text-align: center;\"><strong>T\u00e1j\u00e9koztat\u00f3:<\/strong><\/p>\n<p style=\"text-align: center;\"><strong>A Horthy Mikl\u00f3s T\u00e1rsas\u00e1g v\u00e1laszt\u00e1si bizotts\u00e1ga kijel\u00f6l\u00e9sre ker\u00fclt (2019. okt\u00f3ber 26-\u00e1n, a jelenlegi eln\u00f6ks\u00e9g teljes k\u00f6r\u0171en megt\u00e1rgyalta a tiszt\u00faj\u00edt\u00e1s k\u00e9rd\u00e9seit \u00e9s kijel\u00f6lte a jel\u00f6l\u0151 bizotts\u00e1g tagjait:<\/strong><\/p>\n<p style=\"text-align: center;\"><strong>Zet\u00e9nyi-Csuk\u00e1s Ferenc eln\u00f6k<\/strong><br \/>\n<strong>Horthy \u00c9va Horthy-csal\u00e1d<\/strong><br \/>\n<strong>Vassn\u00e9 F\u00fcl\u00f6p Ildik\u00f3 titk\u00e1r.<\/strong><br \/>\n<strong>(Megjegyz\u00e9s: Az\u00e9rt \u0151k lettek a bizotts\u00e1g tagjai, mert nem indulnak egyik tiszts\u00e9g\u00e9rt sem a v\u00e1laszt\u00e1son).<\/strong><\/p>\n<p style=\"text-align: center;\"><strong>A jel\u00f6l\u0151 bizotts\u00e1ghoz, eddig az eln\u00f6k szem\u00e9ly\u00e9re Jaross Tam\u00e1s neve \u00e9rkezett meg.<\/strong><br \/>\n<strong>A k\u00e9t aleln\u00f6ki posztra pedig, Konja Mikl\u00f3s, Helle L\u00e1szl\u00f3 \u00e9s Schneider J\u00f3zsef<\/strong><\/p>\n<p style=\"text-align: center;\"><strong>Tisztelettel v\u00e1rjuk az esetleges \u00faj szem\u00e9lyi jel\u00f6l\u00e9seket is, a\u00a0<a href=\"mailto:horthymiklostarsasag@gmail.com\">horthymiklostarsasag@gmail.com<\/a>\u00a0emailra, vagy postai \u00faton a 6729. Szeged, \u00d6rv\u00e9ny u. 12. sz. c\u00edmre sz\u00edveskedjen elk\u00fcldeni!<\/strong><\/p>\n<p style=\"text-align: center;\"><strong>A k\u00f6zgy\u0171l\u00e9sen minden tagt\u00e1rsunk megjelen\u00e9s\u00e9re sz\u00e1m\u00edtunk!<\/strong><\/p>\n<p><strong>Megh\u00edv\u00f3 <\/strong><\/p>\n<p>K\u00f6zz\u00e9t\u00e9ve: 2019. j\u00fanius 19.<\/p>\n<p><img loading=\"lazy\" decoding=\"async\" class=\" wp-image-1026 aligncenter\" src=\"https:\/\/horthy.hu\/wp-content\/uploads\/2025\/02\/4-212x300.png\" alt=\"\" width=\"375\" height=\"531\" srcset=\"https:\/\/horthy.hu\/wp-content\/uploads\/2025\/02\/4-212x300.png 212w, https:\/\/horthy.hu\/wp-content\/uploads\/2025\/02\/4.png 679w\" sizes=\"auto, (max-width: 375px) 100vw, 375px\" \/><\/p>\n<p><strong>Megh\u00edv\u00f3 <\/strong><\/p>\n<p>K\u00f6zz\u00e9t\u00e9ve: 2019. j\u00fanius 19.<\/p>\n<p><img loading=\"lazy\" decoding=\"async\" class=\"wp-image-1027 aligncenter\" src=\"https:\/\/horthy.hu\/wp-content\/uploads\/2025\/02\/5-212x300.jpg\" alt=\"\" width=\"376\" height=\"532\" srcset=\"https:\/\/horthy.hu\/wp-content\/uploads\/2025\/02\/5-212x300.jpg 212w, https:\/\/horthy.hu\/wp-content\/uploads\/2025\/02\/5.jpg 679w\" sizes=\"auto, (max-width: 376px) 100vw, 376px\" \/><\/p>\n","protected":false},"excerpt":{"rendered":"<p>EGY IFJ\u00da TENGER\u00c9SZ K\u00f6zz\u00e9t\u00e9ve: 2021. m\u00e1jus 25. EGY IFJ\u00da TENGER\u00c9SZ Horthy Mikl\u00f3st a r\u00e9gi filmh\u00edrad\u00f3k kock\u00e1in mindig hat\u00e1rozott, sok esztend\u0151t meg\u00e9lt \u00e1llamf\u00e9rfi\u00fanak l\u00e1tjuk, aki sz\u00e1mos ki\u00e9rdemelt kit\u00fcntet\u00e9ssel a mellkas\u00e1n, sziklaszil\u00e1rdan \u00e1ll a magyar nemzet \u00e9l\u00e9n. Ezen a ritka fot\u00f3n \u0150 van, \u00e9rdemjelek n\u00e9lk\u00fcl, fiatal tenger\u00e9sztisztk\u00e9nt. T\u00e1vol van m\u00e9g a cs\u00e1sz\u00e1r melletti sz\u00e1rnyseg\u00e9ds\u00e9g, az Otrant\u00f3i-csata, a [&hellip;]<\/p>\n","protected":false},"author":2,"featured_media":0,"parent":0,"menu_order":0,"comment_status":"closed","ping_status":"closed","template":"","meta":{"footnotes":""},"class_list":["post-1018","page","type-page","status-publish","hentry"],"_links":{"self":[{"href":"https:\/\/horthy.hu\/index.php\/wp-json\/wp\/v2\/pages\/1018","targetHints":{"allow":["GET"]}}],"collection":[{"href":"https:\/\/horthy.hu\/index.php\/wp-json\/wp\/v2\/pages"}],"about":[{"href":"https:\/\/horthy.hu\/index.php\/wp-json\/wp\/v2\/types\/page"}],"author":[{"embeddable":true,"href":"https:\/\/horthy.hu\/index.php\/wp-json\/wp\/v2\/users\/2"}],"replies":[{"embeddable":true,"href":"https:\/\/horthy.hu\/index.php\/wp-json\/wp\/v2\/comments?post=1018"}],"version-history":[{"count":11,"href":"https:\/\/horthy.hu\/index.php\/wp-json\/wp\/v2\/pages\/1018\/revisions"}],"predecessor-version":[{"id":1034,"href":"https:\/\/horthy.hu\/index.php\/wp-json\/wp\/v2\/pages\/1018\/revisions\/1034"}],"wp:attachment":[{"href":"https:\/\/horthy.hu\/index.php\/wp-json\/wp\/v2\/media?parent=1018"}],"curies":[{"name":"wp","href":"https:\/\/api.w.org\/{rel}","templated":true}]}}