{"id":1065,"date":"2025-02-07T16:06:08","date_gmt":"2025-02-07T16:06:08","guid":{"rendered":"https:\/\/horthy.hu\/?page_id=1065"},"modified":"2025-02-07T16:06:08","modified_gmt":"2025-02-07T16:06:08","slug":"ado1","status":"publish","type":"page","link":"https:\/\/horthy.hu\/index.php\/ado1\/","title":{"rendered":"Ad\u00f31%"},"content":{"rendered":"<p><strong>K\u00e9rj\u00fck, t\u00e1mogassa ad\u00f3ja 1 %-\u00e1val a Horthy Mikl\u00f3s T\u00e1rsas\u00e1got!<\/strong><\/p>\n<p><a href=\"https:\/\/horthy.hu\/wp-content\/uploads\/2025\/02\/HMT_adatok.pdf\">HMT_adatok<\/a><\/p>\n","protected":false},"excerpt":{"rendered":"<p>K\u00e9rj\u00fck, t\u00e1mogassa ad\u00f3ja 1 %-\u00e1val a Horthy Mikl\u00f3s T\u00e1rsas\u00e1got! HMT_adatok<\/p>\n","protected":false},"author":2,"featured_media":0,"parent":0,"menu_order":0,"comment_status":"closed","ping_status":"closed","template":"","meta":{"footnotes":""},"class_list":["post-1065","page","type-page","status-publish","hentry"],"_links":{"self":[{"href":"https:\/\/horthy.hu\/index.php\/wp-json\/wp\/v2\/pages\/1065","targetHints":{"allow":["GET"]}}],"collection":[{"href":"https:\/\/horthy.hu\/index.php\/wp-json\/wp\/v2\/pages"}],"about":[{"href":"https:\/\/horthy.hu\/index.php\/wp-json\/wp\/v2\/types\/page"}],"author":[{"embeddable":true,"href":"https:\/\/horthy.hu\/index.php\/wp-json\/wp\/v2\/users\/2"}],"replies":[{"embeddable":true,"href":"https:\/\/horthy.hu\/index.php\/wp-json\/wp\/v2\/comments?post=1065"}],"version-history":[{"count":1,"href":"https:\/\/horthy.hu\/index.php\/wp-json\/wp\/v2\/pages\/1065\/revisions"}],"predecessor-version":[{"id":1066,"href":"https:\/\/horthy.hu\/index.php\/wp-json\/wp\/v2\/pages\/1065\/revisions\/1066"}],"wp:attachment":[{"href":"https:\/\/horthy.hu\/index.php\/wp-json\/wp\/v2\/media?parent=1065"}],"curies":[{"name":"wp","href":"https:\/\/api.w.org\/{rel}","templated":true}]}}