{"id":1244,"date":"2025-02-08T13:56:55","date_gmt":"2025-02-08T13:56:55","guid":{"rendered":"https:\/\/horthy.hu\/?page_id=1244"},"modified":"2025-02-08T13:56:55","modified_gmt":"2025-02-08T13:56:55","slug":"birosagi-bejegyzes","status":"publish","type":"page","link":"https:\/\/horthy.hu\/index.php\/birosagi-bejegyzes\/","title":{"rendered":"B\u00edr\u00f3s\u00e1gi bejegyz\u00e9s"},"content":{"rendered":"<p><img loading=\"lazy\" decoding=\"async\" class=\"alignnone wp-image-1245 size-full\" src=\"https:\/\/horthy.hu\/wp-content\/uploads\/2025\/02\/birosagi_bejegyzes.gif\" alt=\"\" width=\"486\" height=\"660\" \/><\/p>\n","protected":false},"excerpt":{"rendered":"","protected":false},"author":2,"featured_media":0,"parent":0,"menu_order":0,"comment_status":"closed","ping_status":"closed","template":"","meta":{"footnotes":""},"class_list":["post-1244","page","type-page","status-publish","hentry"],"_links":{"self":[{"href":"https:\/\/horthy.hu\/index.php\/wp-json\/wp\/v2\/pages\/1244","targetHints":{"allow":["GET"]}}],"collection":[{"href":"https:\/\/horthy.hu\/index.php\/wp-json\/wp\/v2\/pages"}],"about":[{"href":"https:\/\/horthy.hu\/index.php\/wp-json\/wp\/v2\/types\/page"}],"author":[{"embeddable":true,"href":"https:\/\/horthy.hu\/index.php\/wp-json\/wp\/v2\/users\/2"}],"replies":[{"embeddable":true,"href":"https:\/\/horthy.hu\/index.php\/wp-json\/wp\/v2\/comments?post=1244"}],"version-history":[{"count":1,"href":"https:\/\/horthy.hu\/index.php\/wp-json\/wp\/v2\/pages\/1244\/revisions"}],"predecessor-version":[{"id":1246,"href":"https:\/\/horthy.hu\/index.php\/wp-json\/wp\/v2\/pages\/1244\/revisions\/1246"}],"wp:attachment":[{"href":"https:\/\/horthy.hu\/index.php\/wp-json\/wp\/v2\/media?parent=1244"}],"curies":[{"name":"wp","href":"https:\/\/api.w.org\/{rel}","templated":true}]}}