{"id":593,"date":"2022-02-19T16:51:00","date_gmt":"2022-02-19T16:51:00","guid":{"rendered":"https:\/\/startersites.io\/stagingthree\/?page_id=593"},"modified":"2025-02-07T16:25:58","modified_gmt":"2025-02-07T16:25:58","slug":"about","status":"publish","type":"page","link":"https:\/\/horthy.hu\/index.php\/about\/","title":{"rendered":"Bevezet\u00e9s"},"content":{"rendered":"<p><strong>Bevezet\u00e9s helyett<\/strong><\/p>\n<p>Az 1956-os magyar forradalom, ha r\u00f6vid id\u0151re is, de lelket \u00f6nt\u00f6tt a nyolcvannyolc \u00e9ves Korm\u00e1nyz\u00f3ba, s rem\u00e9nysugarat \u00e9bresztett benne, hogy szeretett haz\u00e1j\u00e1t hamarosan viszontl\u00e1thatja. Tudjuk, a keser\u0171 emigr\u00e1ci\u00f3ban elt\u00f6lt\u00f6tt \u00e9vek m\u00e9ly testi, de f\u0151leg lelki nyomot hagytak benne, melyet eml\u00e9kiratainak tal\u00e1n legszebb mondatai \u00edgy jellemeznek: &#8222;Gondolataim az Atlanti-\u00f3ce\u00e1n partj\u00e1r\u00f3l sz\u00fcntelen hazasz\u00e1llnak a Duna-Tisza partjaira, \u00e9des haz\u00e1mba, melyet sz\u00e1momra a vil\u00e1g legszebb orsz\u00e1ga sem p\u00f3tolhat. Itt naponta l\u00e1tom a tengert, eredeti \u00e9lethivat\u00e1som annyira kedvelt \u00e9letelem\u00e9t, \u00e9s gy\u00f6ny\u00f6rk\u00f6d\u00f6m benne. M\u00e9ly a tenger \u00e9s v\u00e9gtelen&#8230; De m\u00e9lyebb szeretetem, mely sz\u00fcl\u0151haz\u00e1mhoz f\u0171z, \u00e9s v\u00e9gtelenebb v\u00e1gy\u00f3d\u00e1som, mely a magyar f\u00f6ldre \u00e9s a magyar n\u00e9p k\u00f6r\u00e9be vonz!&#8221; Aki ilyen mondatokat k\u00e9pes pap\u00edrra vetni, ann\u00e1l \u00e9rthet\u0151, hogy az utols\u00f3 szalmasz\u00e1l elveszt\u00e9se, amit a forradalom jelentett, sz\u00e1m\u00e1ra nem t\u00fal\u00e9lhet\u0151. A forradalom lever\u00e9se ut\u00e1n a Korm\u00e1nyz\u00f3 m\u00e9ly ap\u00e1ti\u00e1ba zuhant, s b\u00e1r orvosai szerint szervi bajban nem szenvedett, 1957. febru\u00e1r 9-\u00e9n visszaadta lelk\u00e9t teremt\u0151j\u00e9nek.<\/p>\n<p>S\u00edrja a lisszaboni Angol Katonai Temet\u0151ben \u00e9vtizedekig zar\u00e1ndokhely\u00fcl szolg\u00e1lt a Portug\u00e1li\u00e1ba l\u00e1togat\u00f3 magyarok \u00e9s nem magyarok sz\u00e1m\u00e1ra. E s\u00edrban kellett bev\u00e1rnia, am\u00edg haz\u00e1j\u00e1ban olyan politikai helyzet alakul ki, hogy hamvai \u00e9s az id\u0151k\u00f6zben elhunyt feles\u00e9ge, j\u00f3sz\u00e1si Purgly Magdolna \u00e9s kisebbik fia, ifj. Horthy Mikl\u00f3s hamvai v\u00e9gakaratuknak megfelel\u0151en a kenderesi csal\u00e1di s\u00edrboltba ker\u00fclhettek.<\/p>\n<p><b><br \/>\n<strong>Az \u00fajratemet\u00e9s<\/strong><\/b><\/p>\n<p>A hazahozatal kezdem\u00e9nyez\u0151je vit\u00e9z D\u00e1vidh\u00e1zy Andr\u00e1s hossz\u00faj\u00e1rat\u00fa tenger\u00e9szkapit\u00e1ny, a Magyar Tenger\u00e9szek Egyes\u00fclete tiszteletbeli eln\u00f6ke volt, akinek elk\u00e9pzel\u00e9se egybeesett a Horthy Csal\u00e1d tagjainak, \u00edgy els\u0151sorban \u00f6zvegy Horthy Istv\u00e1nn\u00e9 \u00e9s fia, a Korm\u00e1nyz\u00f3 unok\u00e1ja, ifj. Horthy Istv\u00e1n elk\u00e9pzel\u00e9s\u00e9vel. Az \u00fcgy mell\u00e9, saj\u00e1t lehet\u0151s\u00e9geit kieg\u00e9sz\u00edtend\u0151, Szimon Mikl\u00f3s b\u0151kez\u0171 t\u00e1mogat\u00f3kat tudott tal\u00e1lni vit\u00e9z D\u00e1vidh\u00e1zy Andr\u00e1s \u00e9s vit\u00e9z Juba Ferenc kapit\u00e1nyok szem\u00e9ly\u00e9ben, valamint olyan seg\u00edt\u0151t\u00e1rsakat, mint K\u00e9ri K\u00e1lm\u00e1n t\u00e1bornok, az akkori orsz\u00e1ggy\u0171l\u00e9s koreln\u00f6ke, a Korm\u00e1nyz\u00f3 egykori sz\u00e1rnyseg\u00e9dje.<\/p>\n<p>Az 1993. szeptember 4-\u00e9n lezajlott \u00fajratemet\u00e9s t\u00edzezreket, egyes becsl\u00e9sek szerint hatvan-hetvenezer embert vonzott Kenderesre. A p\u00e9ldaszer\u0171en megrendezett temet\u00e9s azonban nem volt \u00e1llami cerem\u00f3nia. Az Antall-korm\u00e1ny tagjai, l\u00e1tva a baloldali \u00e9s liber\u00e1lis ellenz\u00e9k hars\u00e1ny ellenz\u00e9s\u00e9t, nem mert\u00e9k felv\u00e1llalni, hogy Magyarorsz\u00e1g volt korm\u00e1nyz\u00f3j\u00e1nak \u00e1llami, m\u00e9lt\u00f3s\u00e1g\u00e1t megillet\u0151 temet\u00e9st rendezzenek, s b\u00e1r nem g\u00e1tolt\u00e1k, s\u0151t seg\u00edtett\u00e9k az \u00fajratemet\u00e9st, azon csak mag\u00e1nemberk\u00e9nt vettek r\u00e9szt, s\u0151t az addigra nagybeteg Antall J\u00f3zsef minisztereln\u00f6k m\u00e9g \u00fagy sem.<\/p>\n<p>\u00cdgy b\u00e1tran mondhatjuk, hogy b\u00e1r az \u00fajratemet\u00e9s megt\u00f6rt\u00e9nt, a Korm\u00e1nyz\u00f3 \u00far \u00e9s csal\u00e1dja tagjai v\u00e9gakaratuknak megfelel\u0151en hazai f\u00f6ldbe ker\u00fcltek, de az igazi, az \u00e1llami \u00fajratemet\u00e9s, mely egyben visszaadja vit\u00e9z nagyb\u00e1nyai Horthy Mikl\u00f3snak az \u0151t megillet\u0151 helyet, a magyar h\u0151s\u00f6k \u00e9s \u00e1llamf\u0151k sor\u00e1ban m\u00e9g v\u00e1rat mag\u00e1ra.<\/p>\n<p><b><br \/>\n<strong>Egy h\u00e1l\u00e1s magyar zsid\u00f3<\/strong><\/b><\/p>\n<p>Az akkori baloldali \u00e9s liber\u00e1lis ellenz\u00e9ki p\u00e1rtok, els\u0151sorban az SZDSZ m\u00e1r az \u00fajratemet\u00e9s h\u00edr\u00e9re beind\u00edtott g\u00fany -\u00e9s gy\u0171l\u00f6let\u00e1radat\u00e1val \u00e9les kontrasztot k\u00e9pezett, s jelenl\u00e9v\u0151k \u00e1mulat\u00e1t v\u00e1ltotta ki egy korosod\u00f3, k\u00f6z\u00e9pmagas, \u00e1tlagosan \u00f6lt\u00f6z\u00f6tt \u00far, aki az \u00fajratemet\u00e9sen egy hatalmas koszor\u00faval jelent meg, melynek szalagj\u00e1n &#8222;Egy h\u00e1l\u00e1s magyar zsid\u00f3&#8221; felirat volt olvashat\u00f3. Amikor valamelyik TV-t\u00e1rsas\u00e1g forgat\u00f3csoportja hozz\u00e1l\u00e9pett, kider\u00fclt, hogy az \u00far Blumgrund J\u00e1nos, pozsonyi sz\u00fclet\u00e9s\u0171, ma B\u00e9csben \u00e9l\u0151 magyar zsid\u00f3, aki sz\u00fcleivel a Szlov\u00e1ki\u00e1ban m\u00e1r 1940-ben jelentkez\u0151 zsid\u00f3\u00fcld\u00f6z\u00e9sek el\u0151l Horthy Magyarorsz\u00e1g\u00e1ra menek\u00fclt. Itt biztons\u00e1gban meg\u00e9lte a h\u00e1bor\u00fa v\u00e9g\u00e9t, majd \u00e9desapj\u00e1val egy\u00fctt a R\u00e1kosi rezsim Katonapolitikai Oszt\u00e1ly\u00e1nak lett tart\u00f3san ottmarasztalt &#8222;vend\u00e9ge&#8221;. Blumgrund J\u00e1nos, amikor 1956-ban m\u00f3dja lett r\u00e1, elhagyta Magyarorsz\u00e1got, B\u00e9csbe k\u00f6lt\u00f6z\u00f6tt, majd megismerkedett az ugyancsak menek\u00fclt s fi\u00e1t egyed\u00fcl nevel\u0151 asszonnyal, Alm\u00e1si Szab\u00f3 Katalinnal, akivel az\u00f3ta is boldog h\u00e1zass\u00e1gban \u00e9l. \u00c9vekkel k\u00e9s\u0151bb, lelki be\u00e1ll\u00edtotts\u00e1g\u00e1nak \u00e9s katolikus feles\u00e9g\u00e9nek k\u00f6sz\u00f6nhet\u0151en \u00e1tt\u00e9rt a katolikus hitre, s azon ritka \u00e9s szerencs\u00e9s emberek k\u00f6z\u00e9 tartozik, akiknek keresztapja \u0151szents\u00e9ge II. J\u00e1nos P\u00e1l p\u00e1pa.<\/p>\n<p>A hittel egy\u00fctt nevet is v\u00e1ltoztat\u00f3, most m\u00e1r Alm\u00e1si Szab\u00f3 J\u00e1nos m\u00e9ly igazs\u00e1g\u00e9rzett\u0151l vez\u00e9relve az 1989 el\u0151tti id\u0151kben jelent\u0151sen seg\u00edtette az akkori \u00fagynevezett &#8222;demokratikus ellenz\u00e9k&#8221; tagjait, j\u00f3 bar\u00e1ts\u00e1gban volt Krass\u00f3 Gy\u00f6rggyel, Zsille Zolt\u00e1nnal, de bar\u00e1tj\u00e1nak mondhatja Lovas Istv\u00e1nt, dr. P\u00e1kh Tibort \u00e9s sok m\u00e1s ismert szem\u00e9lyis\u00e9get.<\/p>\n<p><b><br \/>\n<strong>A Korm\u00e1nyz\u00f3 \u00farhoz k\u00f6thet\u0151 rendezv\u00e9nyek<\/strong><\/b><\/p>\n<p>A napt\u00e1r szerint haladva az els\u0151 d\u00e1tum, amir\u0151l minden \u00e9vben megeml\u00e9kez\u00fcnk febru\u00e1r 9-e, a Korm\u00e1nyz\u00f3 \u00far 1957-ben bek\u00f6vetkezett hal\u00e1la \u00e9vfordul\u00f3ja. Megalakul\u00e1sunkat k\u00f6vet\u0151 els\u0151 \u00e9vben, azaz 2002-ben, az err\u0151l val\u00f3 megeml\u00e9kez\u00e9st a Szabads\u00e1g t\u00e9ri, 1938-ban \u00e9p\u00fclt Hazat\u00e9r\u00e9s Templom\u00e1ban tartottuk, de bel\u00e1ttuk, hogy a megeml\u00e9kez\u00e9st nagyobb befogad\u00f3k\u00e9pess\u00e9g\u0171 templomba kell \u00e1thelyezn\u00fcnk. Tudva, hogy a Korm\u00e1nyz\u00f3 \u00far, noha maga reform\u00e1tus felekezethez tartozott, elfogadva feles\u00e9ge \u00e9s az orsz\u00e1g lakoss\u00e1g\u00e1nak t\u00f6bbs\u00e9gi hit\u00e9t gyakorta vett r\u00e9szt katolikus szertart\u00e1sokon, a megeml\u00e9kez\u00e9st a Szent Istv\u00e1n Bazilik\u00e1ba helyezt\u00fck \u00e1t annak m\u00e9retei \u00e9s reprezentat\u00edv volta miatt. A reform\u00e1tus r\u00edtus jelenl\u00e9te \u00e9rdek\u00e9ben a katolikus szentmis\u00e9k v\u00e9g\u00e9n megh\u00edvott reform\u00e1tus lelk\u00e9sz eml\u00e9kezik \u00e9s mond foh\u00e1szt Magyarorsz\u00e1g egykori korm\u00e1nyz\u00f3ja lelki \u00fcdv\u00e9\u00e9rt. A megeml\u00e9kez\u00e9seken a Vit\u00e9zi Rend, a Magyar Tenger\u00e9szek Egyes\u00fclete, a Magyar Cserk\u00e9sz Sz\u00f6vets\u00e9g mellett r\u00e9szt vesznek az orsz\u00e1gban m\u0171k\u00f6d\u0151 lovagrendek \u00e9s polg\u00e1ri szervezetek, valamint megsz\u00e1ml\u00e1lhatatlan mag\u00e1nszem\u00e9ly. A megeml\u00e9kez\u00e9sek kezdet\u00e9n \u00e9s v\u00e9g\u00e9n a szervezetek z\u00e1szl\u00f3d\u00edszbe \u00f6lt\u00f6z\u00f6tt vonul\u00e1sa a korm\u00e1nyz\u00f3 kor\u00e1t id\u00e9zi.<\/p>\n<p>J\u00fanius k\u00f6zep\u00e9n, \u00e1ltal\u00e1ban h\u00e9tv\u00e9g\u00e9n, legt\u00f6bbsz\u00f6r egy \u00fajpesti moziteremben gy\u0171l\u00fcnk \u00f6ssze megeml\u00e9kezni a Korm\u00e1nyz\u00f3 \u00far 1868. j\u00fanius 18-i sz\u00fclet\u00e9snapj\u00e1r\u00f3l. Az alkalomhoz ill\u0151 f\u00e9nyk\u00e9pek plak\u00e1tszer\u0171re nagy\u00edtott v\u00e1ltozataival d\u00edsz\u00edtett teremben felk\u00e9rt k\u00fcls\u0151 el\u0151ad\u00f3k, vagy a t\u00e1rsas\u00e1g erre v\u00e1llalkoz\u00f3 tagjai m\u00e9ltatj\u00e1k t\u00e1rsas\u00e1gunk n\u00e9vad\u00f3j\u00e1t, kiemelve \u00e9lete egy-egy fontosabb mozzanat\u00e1t. Az \u00f6sszej\u00f6veteleket szavalatok \u00e9s egy\u00e9b el\u0151ad\u00e1sok teszik v\u00e1ltozatosabb\u00e1.<\/p>\n<p>Szeptember m\u00e1sodik\u00e1n, vagy annak k\u00f6rny\u00e9k\u00e9n megeml\u00e9kez\u00fcnk a P\u00e1tyon 2001-ben felavatott 1945-ut\u00e1ni els\u0151 Horthy utc\u00e1r\u00f3l az annak sark\u00e1n elhelyezett Horthy eml\u00e9kt\u00e1bl\u00e1n\u00e1l. A szervez\u00e9sek munk\u00e1ja az itt lak\u00f3 vit\u00e9z Sz\u00e9kely L\u00e1szl\u00f3ra \u00e9s feles\u00e9g\u00e9re, Ink\u00e9re h\u00e1rul, akik e n\u00e9vad\u00e1st a p\u00e1tyi \u00f6nkorm\u00e1nyzatn\u00e1l kiharcolt\u00e1k, \u00e9s az eml\u00e9kt\u00e1bl\u00e1t is finansz\u00edrozt\u00e1k.<\/p>\n<p>Az 1993-as \u00fajratemet\u00e9sre eml\u00e9kezve, minden \u00e9v szeptember 4-\u00e9t k\u00f6vet\u0151 vas\u00e1rnapon Kenderesen gy\u0171lnek \u00f6ssze a Korm\u00e1nyz\u00f3 \u00farra eml\u00e9kez\u0151k. A kenderesi \u00f6nkorm\u00e1nyzat, els\u0151sorban vit\u00e9z Baranyi Mih\u00e1ly polg\u00e1rmester \u00e1ldozatv\u00e1llal\u00e1s\u00e1nak k\u00f6sz\u00f6nhet\u0151en ilyenkor nagyszab\u00e1s\u00fa \u00fcnneps\u00e9gre ker\u00fcl sor Kenderes (2004. \u00f3ta ism\u00e9t) v\u00e1ros nagy sz\u00fcl\u00f6ttje eml\u00e9k\u00e9re. A megeml\u00e9kez\u00e9seket j\u00f3 id\u0151ben a Horthy-ligetben tartott szentmise \u00e9s reform\u00e1tus istentisztelet vezeti be, majd \u00e9nek \u00e9s zenesz\u00e1mokkal, illetve szavalatokkal v\u00e1ltakozva az egyes t\u00e1rsas\u00e1gok nev\u00e9ben megsz\u00f3lal\u00f3k m\u00e9ltatj\u00e1k a Korm\u00e1nyz\u00f3 szem\u00e9ly\u00e9t \u00e9s \u00e9let\u00fatj\u00e1t. A z\u00e1rsz\u00f3t a mindig jelenlev\u0151 \u00f6zvegy Horthy Istv\u00e1nn\u00e9 f\u0151m\u00e9lt\u00f3s\u00e1g\u00fa asszony mondja, illetve amikor erre lehet\u0151s\u00e9ge ad\u00f3dik, akkor az esem\u00e9nyre ell\u00e1togat\u00f3 ifj. Horthy Istv\u00e1n, a Korm\u00e1nyz\u00f3 \u00far unok\u00e1ja.<\/p>\n<p>A 2002-es megeml\u00e9kez\u00e9s jelent\u0151s\u00e9g\u00e9t emelte, hogy abban az \u00e9vben eml\u00e9kezt\u00fcnk meg vit\u00e9z nagyb\u00e1nyai Horthy Istv\u00e1n tragikus hal\u00e1l\u00e1r\u00f3l. A 2003-as megeml\u00e9kez\u00e9s jubileuminak is volt mondhat\u00f3, hiszen akkor volt az \u00fajratemet\u00e9s tizedik \u00e9vfordul\u00f3ja, a 2004-es esztend\u0151ben pedig a Korm\u00e1nyz\u00f3-helyettes \u00far sz\u00fclet\u00e9se sz\u00e1zadik \u00e9vfordul\u00f3j\u00e1ra is eml\u00e9kezt\u00fcnk.<\/p>\n<p>B\u00e1r nem vagyunk ezen megeml\u00e9kez\u00e9sek effekt\u00edv szervez\u0151i, m\u00e9gis annyiban j\u00e1rulunk hozz\u00e1 azok szervez\u00e9s\u00e9hez, hogy saj\u00e1t tagjaink \u00e9s m\u00e1s, az \u00fajs\u00e1gokon kereszt\u00fcl \u00e9s egy\u00e9b m\u00f3don szervezett \u00e9rdekl\u0151d\u0151k sz\u00e1m\u00e1ra b\u00e9relt buszokat biztos\u00edtunk, illetve eb\u00e9del\u00e9si lehet\u0151s\u00e9get a Horthy-kast\u00e9ly \u00e9tterm\u00e9ben.<\/p>\n<p>A fent m\u00e1r eml\u00edtett sz\u00fclet\u00e9snapra val\u00f3 megeml\u00e9kez\u00e9shez hasonl\u00f3 m\u00f3don eml\u00e9kez\u00fcnk meg a Nemzeti Hadsereg \u00e9s annak F\u0151vez\u00e9re, a k\u00e9s\u0151bbi Korm\u00e1nyz\u00f3 \u00far 1919. november 16-\u00e1n t\u00f6rt\u00e9nt budapesti bevonul\u00e1s\u00e1r\u00f3l, de ezt az alkalmat \u00f6sszek\u00f6tj\u00fck a szok\u00e1sos \u00e9ves k\u00f6zgy\u0171l\u00e9s megtart\u00e1s\u00e1val. Ilyenkor az eln\u00f6ks\u00e9g \u00edt\u00e9lete alapj\u00e1n eml\u00e9klapokat adunk \u00e1t a t\u00e1rsas\u00e1g m\u0171k\u00f6d\u00e9s\u00e9t jelent\u0151sen t\u00e1mogat\u00f3 tagoknak \u00e9s szimpatiz\u00e1nsoknak megk\u00f6sz\u00f6nve ezzel \u00f6nzetlen f\u00e1radoz\u00e1sukat.<\/p>\n<p>Feleleven\u00edtve a h\u00e1bor\u00fa el\u0151tt oly term\u00e9szetes hagyom\u00e1nyt, az \u00e9vet december 6-\u00e1n, vagy az ahhoz legk\u00f6zelebb es\u0151 vas\u00e1rnapon, az \u00dajpesti Polg\u00e1ri Centrum sz\u00ednh\u00e1zterm\u00e9ben tartott m\u0171soros esttel z\u00e1rjuk, mely esten megeml\u00e9kez\u00fcnk vit\u00e9z nagyb\u00e1nyai Horthy Mikl\u00f3s, Magyarorsz\u00e1g volt korm\u00e1nyz\u00f3ja neve napj\u00e1r\u00f3l. A m\u0171sort valamely neves szem\u00e9lyis\u00e9g: D\u00f6gei Imre kisgazda k\u00e9pvisel\u0151, vit\u00e9z D\u00f6brentei Korn\u00e9l Balassi Karddal kit\u00fcntetett k\u00f6lt\u0151, Faludi S\u00e1ndor, a Fidesz-MPSZ eln\u00f6ks\u00e9gi tagja, vagy mint legut\u00f3bb Dr. Nemesk\u00fcrty Istv\u00e1n professzor \u00far tart megeml\u00e9kez\u0151 besz\u00e9det, majd megh\u00edvott sz\u00edn\u00e9szek \u00e9s \u00e9nekesek adnak el\u0151 hazafias verseket, \u00e9nekeket. \u00cdgy szerepelt m\u00e1r Tilly Gabriella, Jeszenszky Lara, Hormai J\u00f3zsef \u00e9s Hatmath Albert \u00e9nekesek Heged\u0171s Val\u00e9r zongoram\u0171v\u00e9sz k\u00eds\u00e9ret\u00e9vel, illetve hallottuk Gyant\u00e1r G\u00e1bor \u00e9s Rem\u00e9nyi B. Csaba sz\u00ednm\u0171v\u00e9szek szavala-tait, illetve P\u00f6rzse S\u00e1ndor telev\u00edzi\u00f3s szerkeszt\u0151 h\u00e1zigazdai levezet\u0151 sz\u00f6veg\u00e9t.<\/p>\n<p><b><br \/>\n<strong>Egy\u00e9b rendezv\u00e9nyek<\/strong><\/b><\/p>\n<p>Hogy az egyoldal\u00fas\u00e1g v\u00e1dj\u00e1t elker\u00fclj\u00fck igyekezt\u00fcnk olyan esem\u00e9nyekr\u0151l is megeml\u00e9kezni, melyek eddig kimaradtak a konzervat\u00edv-nemzeti t\u00e1rsas\u00e1gok, vagy p\u00e1rtok rendezv\u00e9nyeir\u0151l. Ezek felv\u00e1llal\u00e1sa nem csak az egyoldal\u00fas\u00e1g elker\u00fcl\u00e9s\u00e9t szolg\u00e1lta, hanem azt a c\u00e9lt, hogy min\u00e9l t\u00f6bbsz\u00f6r, t\u00f6bb \u00f6sszef\u00fcgg\u00e9sben hangzik el t\u00e1rsas\u00e1gunk, azaz a Korm\u00e1nyz\u00f3 \u00far neve, ann\u00e1l nagyobb elfogadotts\u00e1got tudunk biztos\u00edtani a baloldal \u00e1ltal annyira nem szeretett n\u00e9vnek.<\/p>\n<p>Ez\u00e9rt folytattuk a t\u00e1rsas\u00e1g eln\u00f6k\u00e9nek, e sorok \u00edr\u00f3j\u00e1nak m\u00e9g 1998-ban, teh\u00e1t m\u00e9g mag\u00e1nemberk\u00e9nt elkezdett azon f\u00e1radoz\u00e1s\u00e1t, hogy kapjon eml\u00e9kt\u00e1bl\u00e1t az a Bauer S\u00e1ndor 17 \u00e9ves di\u00e1k, aki tiltakozva az 1968-as cseh esem\u00e9nyek \u00e9s \u00e1ltal\u00e1ban a kommunista rendszer ellen 1969. janu\u00e1r 20-\u00e1n a Nemzeti M\u00fazeum l\u00e9pcs\u0151in felgy\u00fajtotta mag\u00e1t. B\u00fcszk\u00e9n mondhatjuk, hogy a Magyar Nemzetben megjelent \u00edr\u00e1soknak, a Deutsch Tam\u00e1s ifj\u00fas\u00e1gi- \u00e9s sport-miniszternek, D\u00e1vid Ibolya igazs\u00e1g\u00fcgy miniszternek, Orb\u00e1n Viktor minisztereln\u00f6knek, valamint M\u00e1dl Ferenc k\u00f6zt\u00e1rsas\u00e1gi eln\u00f6knek \u00edrt leveleinknek v\u00e9g\u00fcl is meglett az eredm\u00e9nye, mert 2001. okt\u00f3ber 17-\u00e9n a Fidesz felavatta a Nemzeti M\u00fazeum l\u00e9pcs\u0151in, Pet\u0151fi \u00e9s Vasv\u00e1ry eml\u00e9kt\u00e1bl\u00e1j\u00e1val szem-ben, Bauer S\u00e1ndor eml\u00e9kt\u00e1bl\u00e1j\u00e1t.<\/p>\n<p>Az\u00f3ta minden \u00e9vben, a m\u00e9g \u00e9l\u0151 hozz\u00e1tartoz\u00f3k jelenl\u00e9t\u00e9ben, m\u00e1s szervezetek r\u00e9szv\u00e9tel\u00e9vel megeml\u00e9kez\u00fcnk Bauer S\u00e1ndorr\u00f3l, p\u00e9ldak\u00e9p\u00e9r\u0151l a cseh Jan Palachr\u00f3l, \u00e9s az ugyancsak t\u0171zhal\u00e1lt halt sz\u00e9kely-magyar fiatalemberr\u0151l, Moyses M\u00e1rtonr\u00f3l is. A megeml\u00e9kez\u00e9sek rendszeres k\u00f6zrem\u0171k\u00f6d\u0151i: Wittner M\u00e1ria, Sz\u00e9kely Korn\u00e9l, vit\u00e9z D\u00f6brentei Korn\u00e9l, valamint a Fidesz, a KDNP \u00e9s az Ifj\u00fas\u00e1gi Kereszt\u00e9ny-demokrata Sz\u00f6vets\u00e9g k\u00e9pvisel\u0151i. Rendszeresen megkoszor\u00fazzuk Koszor\u00fas Ferenc vez\u00e9rkari ezredes eml\u00e9kt\u00e1bl\u00e1j\u00e1t a Doh\u00e1ny utcai zsinag\u00f3g\u00e1val \u00e1tellenben, aki Horthy Mikl\u00f3s korm\u00e1nyz\u00f3 parancs\u00e1ra Eur\u00f3p\u00e1ban egyed\u00fclik\u00e9nt regul\u00e1ris hader\u0151t vetett be a n\u00e9metekkel \u00e9s kiszolg\u00e1l\u00f3ikkal szemben zsid\u00f3k, jelen esetben negyedmilli\u00f3 budapesti zsid\u00f3 honfit\u00e1rsunk v\u00e9delm\u00e9ben. A 2004-ben tartott megeml\u00e9kez\u00e9s\u00fcnkre elj\u00f6tt Koszor\u00fas Ferenc vk. ezredes Amerik\u00e1ban \u00e9l\u0151 fia is.<\/p>\n<p>Szorgalmazzuk, b\u00e1r eddig nem sok sikerrel, Koszor\u00fas Ferenc vez\u00e9rkari ezredes Budapest D\u00edszpolg\u00e1r\u00e1v\u00e1 avat\u00e1s\u00e1t.<\/p>\n<p>Felh\u00e1borodva azon, hogy a baloldali p\u00e1rtok: a Munk\u00e1sp\u00e1rt, az MSZMP \u00e9s a mag\u00e1t eur\u00f3pai szoci\u00e1ldemokrata p\u00e1rtnak be\u00e1ll\u00edt\u00f3 MSZP hatalmas koszor\u00fakat helyez el minden \u00e9v m\u00e1rcius 21-\u00e9n az \u00dajpesten m\u00e9g \u00e1ll\u00f3 Tan\u00e1csk\u00f6zt\u00e1rsas\u00e1gi eml\u00e9km\u0171n\u00e9l, els\u0151k\u00e9nt kezdt\u00fcnk megeml\u00e9kezni az 1919-es v\u00e9res Tan\u00e1csk\u00f6zt\u00e1rsas\u00e1g \u00e1ldozatair\u00f3l, s ennek k\u00f6sz\u00f6nhet\u0151en 2004. j\u00fanius 27-\u00e9n a m\u00e9g \u00e9l\u0151 hozz\u00e1tartoz\u00f3k jelenl\u00e9t\u00e9ben eml\u00e9kt\u00e1bl\u00e1t avattunk \u00dajpesten, az ott meggyilkolt kilenc \u00e1ldozat eml\u00e9k\u00e9re. Az eml\u00e9kt\u00e1bla sz\u00f6vege nem rejti v\u00e9ka al\u00e1 a t\u00f6rt\u00e9nelmi t\u00e9nyeket, ugyanis a k\u00f6vetkez\u0151 m\u00f3don sz\u00f3l: A kommunizmus els\u0151 magyarorsz\u00e1gi tombol\u00e1sa, a v\u00e9res Tan\u00e1csk\u00f6zt\u00e1rsas\u00e1g 133 napja alatt meggyilkolt \u00fajpesti honfit\u00e1rsaink Dezs\u0151 Elem\u00e9r, Hajden L\u00e1szl\u00f3, Martinovich B\u00e9la, Orczy Kar\u00f3 Imre, Papp Imre, Rojcsek L\u00e1szl\u00f3, Sz\u0171cs J\u00e1nos, Tak\u00e1cs K\u00e1roly \u00e9s egy &#8222;Ismeretlen, \u00fariasan \u00f6lt\u00f6z\u00f6tt f\u00e9rfi&#8221; eml\u00e9k\u00e9re. \u00c1ll\u00edttatta a Horthy Mikl\u00f3s T\u00e1rsas\u00e1g 2004-ben, hal\u00e1luk 85. \u00e9vfordul\u00f3j\u00e1n.<\/p>\n<p>Az eml\u00e9kt\u00e1bla avat\u00e1son besz\u00e9det mondtak: Dr. Raffay Ern\u0151 t\u00f6rt\u00e9n\u00e9sz, Wittner M\u00e1ria 56-os hal\u00e1lra\u00edt\u00e9lt \u00e9s vit\u00e9z D\u00f6brentei Korn\u00e9l k\u00f6lt\u0151.<\/p>\n<p>Budapest, 2005. janu\u00e1r<\/p>\n<p><b><br \/>\n<strong>Dobai Mikl\u00f3s<\/strong><\/b><\/p>\n<p><strong>eln\u00f6k<\/strong><\/p>\n","protected":false},"excerpt":{"rendered":"<p>Bevezet\u00e9s helyett Az 1956-os magyar forradalom, ha r\u00f6vid id\u0151re is, de lelket \u00f6nt\u00f6tt a nyolcvannyolc \u00e9ves Korm\u00e1nyz\u00f3ba, s rem\u00e9nysugarat \u00e9bresztett benne, hogy szeretett haz\u00e1j\u00e1t hamarosan viszontl\u00e1thatja. Tudjuk, a keser\u0171 emigr\u00e1ci\u00f3ban elt\u00f6lt\u00f6tt \u00e9vek m\u00e9ly testi, de f\u0151leg lelki nyomot hagytak benne, melyet eml\u00e9kiratainak tal\u00e1n legszebb mondatai \u00edgy jellemeznek: &#8222;Gondolataim az Atlanti-\u00f3ce\u00e1n partj\u00e1r\u00f3l sz\u00fcntelen hazasz\u00e1llnak a Duna-Tisza [&hellip;]<\/p>\n","protected":false},"author":1,"featured_media":213,"parent":0,"menu_order":0,"comment_status":"closed","ping_status":"closed","template":"","meta":{"footnotes":""},"class_list":["post-593","page","type-page","status-publish","has-post-thumbnail","hentry"],"_links":{"self":[{"href":"https:\/\/horthy.hu\/index.php\/wp-json\/wp\/v2\/pages\/593","targetHints":{"allow":["GET"]}}],"collection":[{"href":"https:\/\/horthy.hu\/index.php\/wp-json\/wp\/v2\/pages"}],"about":[{"href":"https:\/\/horthy.hu\/index.php\/wp-json\/wp\/v2\/types\/page"}],"author":[{"embeddable":true,"href":"https:\/\/horthy.hu\/index.php\/wp-json\/wp\/v2\/users\/1"}],"replies":[{"embeddable":true,"href":"https:\/\/horthy.hu\/index.php\/wp-json\/wp\/v2\/comments?post=593"}],"version-history":[{"count":2,"href":"https:\/\/horthy.hu\/index.php\/wp-json\/wp\/v2\/pages\/593\/revisions"}],"predecessor-version":[{"id":1074,"href":"https:\/\/horthy.hu\/index.php\/wp-json\/wp\/v2\/pages\/593\/revisions\/1074"}],"wp:featuredmedia":[{"embeddable":true,"href":"https:\/\/horthy.hu\/index.php\/wp-json\/wp\/v2\/media\/213"}],"wp:attachment":[{"href":"https:\/\/horthy.hu\/index.php\/wp-json\/wp\/v2\/media?parent=593"}],"curies":[{"name":"wp","href":"https:\/\/api.w.org\/{rel}","templated":true}]}}