{"id":658,"date":"2022-02-20T05:44:47","date_gmt":"2022-02-20T05:44:47","guid":{"rendered":"https:\/\/startersites.io\/stagingthree\/?page_id=658"},"modified":"2025-02-08T16:53:41","modified_gmt":"2025-02-08T16:53:41","slug":"contact","status":"publish","type":"page","link":"https:\/\/horthy.hu\/index.php\/contact\/","title":{"rendered":"Jelentkez\u00e9s"},"content":{"rendered":"\r\n<div id=\"send-us-your-feedback\" class=\"wp-block-stackable-heading stk-block-heading stk-block-heading--v2 stk-block stk-45e6a53\" data-block-id=\"45e6a53\">\r\n<h2>Kapcsolat:<\/h2>\r\n<p>Sz\u00e9khely: 1054 Budapest, Szabads\u00e1g t\u00e9r 2.<\/p>\r\n<p>Email: horthymiklostarsasag1920@gmail.com<\/p>\r\n<p>&nbsp;<\/p>\r\n<h2 class=\"stk-block-heading__text has-text-align-center\">Jelentkez\u00e9s<\/h2>\r\n<\/div>\r\n\r\n\r\n\r\n<div class=\"wp-block-stackable-text stk-block-text stk-block stk-0ced47d\" data-block-id=\"0ced47d\"><style>.stk-0ced47d {margin-bottom:0px !important;}<\/style>\r\n<p class=\"stk-block-text__text has-text-align-center\">\u00a0<\/p>\r\n<\/div>\r\n\r\n\r\n\r\n<div class=\"wp-block-stackable-spacer stk-block-spacer stk--no-padding stk-block stk-0285952\" data-block-id=\"0285952\"><style>.stk-0285952 {height:70px !important;}@media screen and (max-width: 1023px){.stk-0285952 {height:50px !important;}}<\/style><\/div>\r\n\r\n\r\n\r\n<div class=\"wp-block-stackable-columns stk-block-columns stk-block stk-0d2d598\" data-block-id=\"0d2d598\"><style>.stk-0d2d598 {margin-bottom:0px !important;}<\/style>\r\n<div class=\"stk-row stk-inner-blocks stk-block-content stk-content-align stk-0d2d598-column\">\r\n<div class=\"wp-block-stackable-column stk-block-column stk-column stk-block stk-1bf830e\" data-block-id=\"1bf830e\"><style>.stk-1bf830e-container{margin-top:0px !important;margin-right:auto !important;margin-bottom:0px !important;margin-left:auto !important;max-width:750px !important;min-width:auto !important;}<\/style>\r\n<div class=\"stk-column-wrapper stk-block-column__content stk-container stk-1bf830e-container stk--no-background stk--no-padding\">\r\n<div class=\"stk-block-content stk-inner-blocks stk-1bf830e-inner-blocks\"><\/div>\r\n<\/div>\r\n<\/div>\r\n<\/div>\r\n<\/div>\r\n\r\n\r\n\r\n<div class=\"wp-block-stackable-spacer stk-block-spacer stk--no-padding stk-block stk-448670c\" data-block-id=\"448670c\"><style>.stk-448670c {height:130px !important;}@media screen and (max-width: 1023px){.stk-448670c {height:80px !important;}}<\/style><\/div>\r\n<div data-block-id=\"448670c\">\u00a0<\/div>\r\n<div data-block-id=\"448670c\">\u00a0<\/div>\r\n<div class=\"wp-block-stackable-columns alignfull stk-block-columns stk-block stk-fa06ac5 stk-block-background stk--has-background-overlay\" data-block-id=\"fa06ac5\">\r\n<div class=\"stk-row stk-inner-blocks stk--block-align-fa06ac5 stk-block-content stk-content-align stk-fa06ac5-column\"><\/div>\r\n<\/div>\r\n<!-- \/wp:post-content -->","protected":false},"excerpt":{"rendered":"<p>Kapcsolat: Sz\u00e9khely: 1054 Budapest, Szabads\u00e1g t\u00e9r 2. Email: horthymiklostarsasag1920@gmail.com &nbsp; Jelentkez\u00e9s \u00a0 \u00a0 \u00a0<\/p>\n","protected":false},"author":1,"featured_media":0,"parent":0,"menu_order":0,"comment_status":"closed","ping_status":"closed","template":"","meta":{"footnotes":""},"class_list":["post-658","page","type-page","status-publish","hentry"],"_links":{"self":[{"href":"https:\/\/horthy.hu\/index.php\/wp-json\/wp\/v2\/pages\/658","targetHints":{"allow":["GET"]}}],"collection":[{"href":"https:\/\/horthy.hu\/index.php\/wp-json\/wp\/v2\/pages"}],"about":[{"href":"https:\/\/horthy.hu\/index.php\/wp-json\/wp\/v2\/types\/page"}],"author":[{"embeddable":true,"href":"https:\/\/horthy.hu\/index.php\/wp-json\/wp\/v2\/users\/1"}],"replies":[{"embeddable":true,"href":"https:\/\/horthy.hu\/index.php\/wp-json\/wp\/v2\/comments?post=658"}],"version-history":[{"count":13,"href":"https:\/\/horthy.hu\/index.php\/wp-json\/wp\/v2\/pages\/658\/revisions"}],"predecessor-version":[{"id":1341,"href":"https:\/\/horthy.hu\/index.php\/wp-json\/wp\/v2\/pages\/658\/revisions\/1341"}],"wp:attachment":[{"href":"https:\/\/horthy.hu\/index.php\/wp-json\/wp\/v2\/media?parent=658"}],"curies":[{"name":"wp","href":"https:\/\/api.w.org\/{rel}","templated":true}]}}