{"id":682,"date":"2022-02-20T07:07:33","date_gmt":"2022-02-20T07:07:33","guid":{"rendered":"https:\/\/startersites.io\/stagingthree\/?page_id=682"},"modified":"2025-02-10T16:42:18","modified_gmt":"2025-02-10T16:42:18","slug":"volunteer","status":"publish","type":"page","link":"https:\/\/horthy.hu\/index.php\/volunteer\/","title":{"rendered":"Tud\u00e1st\u00e1r"},"content":{"rendered":"<p>&#8222;Vit\u00e9z nagyb\u00e1nyai Horthy Mikl\u00f3s 1920. m\u00e1rcius 1-j\u00e9t\u0151l 1944. okt\u00f3ber 15-\u00e9ig volt a Magyar Kir\u00e1lys\u00e1g korm\u00e1nyz\u00f3ja. Szem\u00e9ly\u00e9t \u00e9s politikai tev\u00e9kenys\u00e9g\u00e9t sokan \u00e9rt\u00e9kelt\u00e9k m\u00e1r \u00e9s haszn\u00e1lt\u00e1k fel egy\u00e9ni c\u00e9ljaikra, vagy r\u00f6vidt\u00e1v\u00fa politikai elk\u00e9pzel\u00e9seikre. A r\u00f3la kialakult idealiz\u00e1lt Horthy-k\u00e9p k\u00e9t lehet\u0151s\u00e9get k\u00edn\u00e1l, amely val\u00f3j\u00e1ban egyetlen megold\u00e1sba torkollik: higgadt elemz\u00e9sre van sz\u00fcks\u00e9g ahhoz, hogy a megfelel\u0151 v\u00e1laszt adhassuk arra a k\u00e9rd\u00e9sre: ki is volt val\u00f3j\u00e1ban Horthy Mikl\u00f3s?&#8221;<\/p>\n<p><strong>Zet\u00e9nyi-Csuk\u00e1s Ferenc<\/strong> &#8211; Horthy c. k\u00f6nyv\u00e9b\u0151l<\/p>\n<p>&nbsp;<\/p>\n<p>&nbsp;<\/p>\n<p>&nbsp;<\/p>\n","protected":false},"excerpt":{"rendered":"<p>&#8222;Vit\u00e9z nagyb\u00e1nyai Horthy Mikl\u00f3s 1920. m\u00e1rcius 1-j\u00e9t\u0151l 1944. okt\u00f3ber 15-\u00e9ig volt a Magyar Kir\u00e1lys\u00e1g korm\u00e1nyz\u00f3ja. Szem\u00e9ly\u00e9t \u00e9s politikai tev\u00e9kenys\u00e9g\u00e9t sokan \u00e9rt\u00e9kelt\u00e9k m\u00e1r \u00e9s haszn\u00e1lt\u00e1k fel egy\u00e9ni c\u00e9ljaikra, vagy r\u00f6vidt\u00e1v\u00fa politikai elk\u00e9pzel\u00e9seikre. A r\u00f3la kialakult idealiz\u00e1lt Horthy-k\u00e9p k\u00e9t lehet\u0151s\u00e9get k\u00edn\u00e1l, amely val\u00f3j\u00e1ban egyetlen megold\u00e1sba torkollik: higgadt elemz\u00e9sre van sz\u00fcks\u00e9g ahhoz, hogy a megfelel\u0151 v\u00e1laszt adhassuk arra [&hellip;]<\/p>\n","protected":false},"author":1,"featured_media":373,"parent":0,"menu_order":0,"comment_status":"closed","ping_status":"closed","template":"","meta":{"footnotes":""},"class_list":["post-682","page","type-page","status-publish","has-post-thumbnail","hentry"],"_links":{"self":[{"href":"https:\/\/horthy.hu\/index.php\/wp-json\/wp\/v2\/pages\/682","targetHints":{"allow":["GET"]}}],"collection":[{"href":"https:\/\/horthy.hu\/index.php\/wp-json\/wp\/v2\/pages"}],"about":[{"href":"https:\/\/horthy.hu\/index.php\/wp-json\/wp\/v2\/types\/page"}],"author":[{"embeddable":true,"href":"https:\/\/horthy.hu\/index.php\/wp-json\/wp\/v2\/users\/1"}],"replies":[{"embeddable":true,"href":"https:\/\/horthy.hu\/index.php\/wp-json\/wp\/v2\/comments?post=682"}],"version-history":[{"count":4,"href":"https:\/\/horthy.hu\/index.php\/wp-json\/wp\/v2\/pages\/682\/revisions"}],"predecessor-version":[{"id":1364,"href":"https:\/\/horthy.hu\/index.php\/wp-json\/wp\/v2\/pages\/682\/revisions\/1364"}],"wp:featuredmedia":[{"embeddable":true,"href":"https:\/\/horthy.hu\/index.php\/wp-json\/wp\/v2\/media\/373"}],"wp:attachment":[{"href":"https:\/\/horthy.hu\/index.php\/wp-json\/wp\/v2\/media?parent=682"}],"curies":[{"name":"wp","href":"https:\/\/api.w.org\/{rel}","templated":true}]}}