{"id":717,"date":"2022-02-20T08:28:45","date_gmt":"2022-02-20T08:28:45","guid":{"rendered":"https:\/\/startersites.io\/stagingthree\/?page_id=717"},"modified":"2025-02-07T20:18:47","modified_gmt":"2025-02-07T20:18:47","slug":"projects","status":"publish","type":"page","link":"https:\/\/horthy.hu\/index.php\/projects\/","title":{"rendered":"T\u00e1rsszervezetek"},"content":{"rendered":"<p>&nbsp;<\/p>\n<p><strong>Cs\u00e1sz\u00e1ri \u00e9s Kir\u00e1lyi Haditenger\u00e9szeti Egyes\u00fclet<\/strong><\/p>\n<p><strong>Hazafi Port\u00e1l<\/strong><\/p>\n<p><strong>A Horthy csal\u00e1d honlapja<\/strong><\/p>\n<p><a href=\"http:\/\/www.horthy.narod.ru\">Horthyr\u00f3l sz\u00f3l\u00f3 orosznyelv\u0171 honlap<\/a><\/p>\n<p><a href=\"http:\/\/www.mateinfo.hu\">Magyar Tenger\u00e9szek Egyes\u00fclete<\/a><\/p>\n<p><strong>Nem, nem, soha<\/strong><\/p>\n<p><strong>Trianon Kutat\u00f3 Int\u00e9zet <\/strong>&#8211;<strong> e-mail:<\/strong> <a href=\"mailto:archis@freemail.hu\">archis@freemail.hu<\/a><\/p>\n<p><strong>Cs\u00e1sz\u00e1ri \u00e9a Kir\u00e1lyi Dunaflottilla Hagyom\u00e1ny\u00f6rz\u0151 Egyes\u00fclet <\/strong>&#8211;<strong>\u00a0e-mail:<\/strong> <a href=\"mailto:szekely.laszlo@gmail.com\">szekely.laszlo@gmail.com<\/a><\/p>\n<p><a href=\"http:\/\/www.tiszaistvan.hu\">Tisza Istv\u00e1n Bar\u00e1ti T\u00e1rsas\u00e1g<\/a><\/p>\n<p><a href=\"http:\/\/www.trianon.hu\">Trianon T\u00e1rsas\u00e1g<\/a><\/p>\n<p><strong>Kenderes v\u00e1ros <\/strong>&#8211;<strong>\u00a0e-mail:<\/strong> <a href=\"mailto:polgarmester@kenderes.hu\">polgarmester@kenderes.hu<\/a><\/p>\n<p><strong>Nemzeti term\u00e9kek boltja<\/strong><\/p>\n<p><strong>A nemzet sz\u00e9kelykapuja Kenderesen<\/strong><\/p>\n<p><strong>Horthy Istv\u00e1n Alap\u00edtv\u00e1ny: https:\/\/horthyistvanalapitvany.hu\/<\/strong><\/p>\n","protected":false},"excerpt":{"rendered":"<p>&nbsp; Cs\u00e1sz\u00e1ri \u00e9s Kir\u00e1lyi Haditenger\u00e9szeti Egyes\u00fclet Hazafi Port\u00e1l A Horthy csal\u00e1d honlapja Horthyr\u00f3l sz\u00f3l\u00f3 orosznyelv\u0171 honlap Magyar Tenger\u00e9szek Egyes\u00fclete Nem, nem, soha Trianon Kutat\u00f3 Int\u00e9zet &#8211; e-mail: archis@freemail.hu Cs\u00e1sz\u00e1ri \u00e9a Kir\u00e1lyi Dunaflottilla Hagyom\u00e1ny\u00f6rz\u0151 Egyes\u00fclet &#8211;\u00a0e-mail: szekely.laszlo@gmail.com Tisza Istv\u00e1n Bar\u00e1ti T\u00e1rsas\u00e1g Trianon T\u00e1rsas\u00e1g Kenderes v\u00e1ros &#8211;\u00a0e-mail: polgarmester@kenderes.hu Nemzeti term\u00e9kek boltja A nemzet sz\u00e9kelykapuja Kenderesen Horthy Istv\u00e1n [&hellip;]<\/p>\n","protected":false},"author":1,"featured_media":0,"parent":0,"menu_order":0,"comment_status":"closed","ping_status":"closed","template":"","meta":{"footnotes":""},"class_list":["post-717","page","type-page","status-publish","hentry"],"_links":{"self":[{"href":"https:\/\/horthy.hu\/index.php\/wp-json\/wp\/v2\/pages\/717","targetHints":{"allow":["GET"]}}],"collection":[{"href":"https:\/\/horthy.hu\/index.php\/wp-json\/wp\/v2\/pages"}],"about":[{"href":"https:\/\/horthy.hu\/index.php\/wp-json\/wp\/v2\/types\/page"}],"author":[{"embeddable":true,"href":"https:\/\/horthy.hu\/index.php\/wp-json\/wp\/v2\/users\/1"}],"replies":[{"embeddable":true,"href":"https:\/\/horthy.hu\/index.php\/wp-json\/wp\/v2\/comments?post=717"}],"version-history":[{"count":5,"href":"https:\/\/horthy.hu\/index.php\/wp-json\/wp\/v2\/pages\/717\/revisions"}],"predecessor-version":[{"id":1177,"href":"https:\/\/horthy.hu\/index.php\/wp-json\/wp\/v2\/pages\/717\/revisions\/1177"}],"wp:attachment":[{"href":"https:\/\/horthy.hu\/index.php\/wp-json\/wp\/v2\/media?parent=717"}],"curies":[{"name":"wp","href":"https:\/\/api.w.org\/{rel}","templated":true}]}}