{"id":734,"date":"2022-02-20T09:11:52","date_gmt":"2022-02-20T09:11:52","guid":{"rendered":"https:\/\/startersites.io\/stagingthree\/?page_id=734"},"modified":"2025-02-10T17:10:46","modified_gmt":"2025-02-10T17:10:46","slug":"home","status":"publish","type":"page","link":"https:\/\/horthy.hu\/","title":{"rendered":"C\u00edmlap"},"content":{"rendered":"<h3 style=\"text-align: center;\"><em><span class=\"html-span xdj266r x11i5rnm xat24cr x1mh8g0r xexx8yu x4uap5 x18d9i69 xkhd6sd x1hl2dhg x16tdsg8 x1vvkbs x4k7w5x x1h91t0o x1h9r5lt x1jfb8zj xv2umb2 x1beo9mf xaigb6o x12ejxvf x3igimt xarpa2k xedcshv x1lytzrv x1t2pt76 x7ja8zs x1qrby5j\"><span class=\"x193iq5w xeuugli x13faqbe x1vvkbs x1xmvt09 x1lliihq x1s928wv xhkezso x1gmr53x x1cpjm7i x1fgarty x1943h6x xudqn12 x3x7a5m x6prxxf xvq8zen xo1l8bm xzsf02u\" dir=\"auto\">&#8222;H\u00edrn\u00e9v, kincs, dics\u0151s\u00e9g nem adhat f\u00f6ldi boldogs\u00e1got, \u00f6nmagunkban kell azt keresn\u00fcnk, a sz\u00edv nyugalm\u00e1ban s az erk\u00f6lcs tiszta \u00e9rzet \u00e1rtatlan \u00f6r\u00f6meiben.&#8221; <\/span><\/span><\/em><\/h3>\r\n<h3 style=\"text-align: center;\"><em><span class=\"html-span xdj266r x11i5rnm xat24cr x1mh8g0r xexx8yu x4uap5 x18d9i69 xkhd6sd x1hl2dhg x16tdsg8 x1vvkbs x4k7w5x x1h91t0o x1h9r5lt x1jfb8zj xv2umb2 x1beo9mf xaigb6o x12ejxvf x3igimt xarpa2k xedcshv x1lytzrv x1t2pt76 x7ja8zs x1qrby5j\"><span class=\"x193iq5w xeuugli x13faqbe x1vvkbs x1xmvt09 x1lliihq x1s928wv xhkezso x1gmr53x x1cpjm7i x1fgarty x1943h6x xudqn12 x3x7a5m x6prxxf xvq8zen xo1l8bm xzsf02u\" dir=\"auto\">(Horthy Mikl\u00f3s)<\/span><\/span><\/em><\/h3>\r\n<h3 style=\"text-align: center;\"><em>&#8222;Egy szent ir\u00e1nyt jel\u00f6lt ki nek\u00fcnk a v\u00e9gzet: a becs\u00fcletes, nemzeti, hazafias, kereszt\u00e9ny ir\u00e1nyzatot.&#8221; <\/em><\/h3>\r\n<h3 style=\"text-align: center;\"><em>(Horthy Mikl\u00f3s)<\/em><\/h3>\r\n<img loading=\"lazy\" decoding=\"async\" class=\"wp-image-1373 alignright\" src=\"https:\/\/horthy.hu\/wp-content\/uploads\/2025\/02\/463289604_2511865715672692_3283481458593624682_n-1-300x206.jpg\" alt=\"\" width=\"800\" height=\"550\" srcset=\"https:\/\/horthy.hu\/wp-content\/uploads\/2025\/02\/463289604_2511865715672692_3283481458593624682_n-1-300x206.jpg 300w, https:\/\/horthy.hu\/wp-content\/uploads\/2025\/02\/463289604_2511865715672692_3283481458593624682_n-1.jpg 700w\" sizes=\"auto, (max-width: 800px) 100vw, 800px\" \/>\r\n<pre><\/pre>\r\n<div class=\"wp-block-stackable-columns alignfull stk-block-columns stk-block stk-47f3fe7 stk-block-background stk--has-background-overlay\" data-block-id=\"47f3fe7\">\r\n<div class=\"stk-row stk-inner-blocks has-text-align-center stk-block-content stk-content-align stk-47f3fe7-column\">\r\n<div class=\"wp-block-stackable-column stk-block-column stk-column stk-block stk-18d875a\" data-block-id=\"18d875a\">\r\n<div class=\"stk-column-wrapper stk-block-column__content stk-container stk-18d875a-container stk--no-background stk--no-padding\">\r\n<div class=\"stk-block-content stk-inner-blocks\">\r\n<div class=\"wp-block-stackable-columns stk-block-columns stk-block stk-80e42ed\" data-block-id=\"80e42ed\">\r\n<div class=\"stk-row stk-inner-blocks stk-block-content stk-content-align stk-80e42ed-column\">\r\n<div class=\"wp-block-stackable-column stk-block-column stk-column stk-block stk-027021a\" data-block-id=\"027021a\">\r\n<div class=\"stk-column-wrapper stk-block-column__content stk-container stk-027021a-container stk--no-background stk--no-padding\">\r\n<div class=\"stk-block-content stk-inner-blocks\"><\/div>\r\n<\/div>\r\n<\/div>\r\n<!-- \/wp:post-content -->\r\n\r\n<\/div>\r\n<\/div>\r\n<!-- \/wp:stackable\/columns -->\r\n\r\n<\/div>\r\n<\/div>\r\n<\/div>\r\n<!-- \/wp:stackable\/column -->\r\n\r\n<\/div>\r\n<\/div>\r\n<!-- \/wp:stackable\/columns --><!-- \/wp:freeform -->","protected":false},"excerpt":{"rendered":"<p>&#8222;H\u00edrn\u00e9v, kincs, dics\u0151s\u00e9g nem adhat f\u00f6ldi boldogs\u00e1got, \u00f6nmagunkban kell azt keresn\u00fcnk, a sz\u00edv nyugalm\u00e1ban s az erk\u00f6lcs tiszta \u00e9rzet \u00e1rtatlan \u00f6r\u00f6meiben.&#8221; (Horthy Mikl\u00f3s) &#8222;Egy szent ir\u00e1nyt jel\u00f6lt ki nek\u00fcnk a v\u00e9gzet: a becs\u00fcletes, nemzeti, hazafias, kereszt\u00e9ny ir\u00e1nyzatot.&#8221; (Horthy Mikl\u00f3s)<\/p>\n","protected":false},"author":1,"featured_media":0,"parent":0,"menu_order":0,"comment_status":"closed","ping_status":"closed","template":"","meta":{"footnotes":""},"class_list":["post-734","page","type-page","status-publish","hentry"],"_links":{"self":[{"href":"https:\/\/horthy.hu\/index.php\/wp-json\/wp\/v2\/pages\/734","targetHints":{"allow":["GET"]}}],"collection":[{"href":"https:\/\/horthy.hu\/index.php\/wp-json\/wp\/v2\/pages"}],"about":[{"href":"https:\/\/horthy.hu\/index.php\/wp-json\/wp\/v2\/types\/page"}],"author":[{"embeddable":true,"href":"https:\/\/horthy.hu\/index.php\/wp-json\/wp\/v2\/users\/1"}],"replies":[{"embeddable":true,"href":"https:\/\/horthy.hu\/index.php\/wp-json\/wp\/v2\/comments?post=734"}],"version-history":[{"count":37,"href":"https:\/\/horthy.hu\/index.php\/wp-json\/wp\/v2\/pages\/734\/revisions"}],"predecessor-version":[{"id":1381,"href":"https:\/\/horthy.hu\/index.php\/wp-json\/wp\/v2\/pages\/734\/revisions\/1381"}],"wp:attachment":[{"href":"https:\/\/horthy.hu\/index.php\/wp-json\/wp\/v2\/media?parent=734"}],"curies":[{"name":"wp","href":"https:\/\/api.w.org\/{rel}","templated":true}]}}